{"id":104,"date":"2017-01-12T15:01:31","date_gmt":"2017-01-12T14:01:31","guid":{"rendered":"http:\/\/klein-eilstorf.de\/?page_id=104"},"modified":"2020-01-23T10:50:08","modified_gmt":"2020-01-23T09:50:08","slug":"mitglied-werden","status":"publish","type":"page","link":"https:\/\/klein-eilstorf.de\/index.php\/schuetzenverein\/mitglied-werden\/","title":{"rendered":"Mitglied werden"},"content":{"rendered":"<div id=\"imCellStyle_3\" data-responsive-sequence-number=\"1\">\n<div id=\"imTextObject_3\">\n<div id=\"imTextObject_3_tab0\" class=\"text-tab-content\">\n<div class=\"text-inner\">\n<p><span class=\"fs20\"><span class=\"ff1\">Der Sch\u00fctzenverein Klein Eilstorf freut sich stets neue Mitglieder begr\u00fc\u00dfen zu d\u00fcrfen.<br \/>Wenn sie Interesse haben in den Sch\u00fctzenverein einzutreten oder diesbez\u00fcglich noch einige Fragen haben dann treten sie einfach mit uns in Kontakt.<\/span><\/span><span class=\"ff2 fs20\"><br \/><\/span><\/p>\n<p><span class=\"fs13\"><span class=\"ff1\"><b>Ansprechpartner f\u00fcr die Aufnahme neuer Mitglieder<\/b>:<\/span><\/span><\/p>\n<p>Herr Volker B\u00fcnger<br \/>1. Vorsitzender<br \/>Klein Eilstorf <br \/>29664 Walsrode<\/p>\n<\/div>\n<\/div>\n<\/div>\n<\/div>\n\n\n<!-- Matomo -->\n<script type=\"text\/javascript\">\n  var _paq = _paq || [];\n  \/* tracker methods like \"setCustomDimension\" should be called before \"trackPageView\" *\/\n  _paq.push([\"setCookieDomain\", \"*.klein-eilstorf.de\"]);\n  _paq.push(['trackPageView']);\n  _paq.push(['enableLinkTracking']);\n  (function() {\n    var u=\"\/\/klein-eilstorf.de\/analytics\/piwik\/\";\n    _paq.push(['setTrackerUrl', u+'piwik.php']);\n    _paq.push(['setSiteId', '1']);\n    var d=document, g=d.createElement('script'), s=d.getElementsByTagName('script')[0];\n    g.type='text\/javascript'; g.async=true; g.defer=true; g.src=u+'piwik.js'; s.parentNode.insertBefore(g,s);\n  })();\n<\/script>\n<noscript><p><img decoding=\"async\" src=\"\/\/klein-eilstorf.de\/analytics\/piwik\/piwik.php?idsite=1&amp;rec=1\" style=\"border:0;\" alt=\"\" \/><\/p><\/noscript>\n<!-- End Matomo Code -->\n","protected":false},"excerpt":{"rendered":"<p>Der Sch\u00fctzenverein Klein Eilstorf freut sich stets neue Mitglieder begr\u00fc\u00dfen zu d\u00fcrfen.Wenn sie Interesse haben in den Sch\u00fctzenverein einzutreten oder diesbez\u00fcglich noch einige Fragen haben dann treten sie einfach mit&#8230;<\/p>\n","protected":false},"author":1,"featured_media":0,"parent":89,"menu_order":6,"comment_status":"closed","ping_status":"closed","template":"","meta":{"footnotes":""},"class_list":["post-104","page","type-page","status-publish","hentry"],"_links":{"self":[{"href":"https:\/\/klein-eilstorf.de\/index.php\/wp-json\/wp\/v2\/pages\/104","targetHints":{"allow":["GET"]}}],"collection":[{"href":"https:\/\/klein-eilstorf.de\/index.php\/wp-json\/wp\/v2\/pages"}],"about":[{"href":"https:\/\/klein-eilstorf.de\/index.php\/wp-json\/wp\/v2\/types\/page"}],"author":[{"embeddable":true,"href":"https:\/\/klein-eilstorf.de\/index.php\/wp-json\/wp\/v2\/users\/1"}],"replies":[{"embeddable":true,"href":"https:\/\/klein-eilstorf.de\/index.php\/wp-json\/wp\/v2\/comments?post=104"}],"version-history":[{"count":7,"href":"https:\/\/klein-eilstorf.de\/index.php\/wp-json\/wp\/v2\/pages\/104\/revisions"}],"predecessor-version":[{"id":609,"href":"https:\/\/klein-eilstorf.de\/index.php\/wp-json\/wp\/v2\/pages\/104\/revisions\/609"}],"up":[{"embeddable":true,"href":"https:\/\/klein-eilstorf.de\/index.php\/wp-json\/wp\/v2\/pages\/89"}],"wp:attachment":[{"href":"https:\/\/klein-eilstorf.de\/index.php\/wp-json\/wp\/v2\/media?parent=104"}],"curies":[{"name":"wp","href":"https:\/\/api.w.org\/{rel}","templated":true}]}}