{"id":334,"date":"2017-04-06T15:13:12","date_gmt":"2017-04-06T13:13:12","guid":{"rendered":"https:\/\/klein-eilstorf.de\/?page_id=334"},"modified":"2019-01-06T21:15:45","modified_gmt":"2019-01-06T20:15:45","slug":"links","status":"publish","type":"page","link":"https:\/\/klein-eilstorf.de\/index.php\/schuetzenverein\/links\/","title":{"rendered":"Links"},"content":{"rendered":"<p>Kreissch\u00fctzenverband Fallingbostell<\/p>\n<p><a href=\"http:\/\/www.ksv-fallingbostel.de\/index.php\"><img loading=\"lazy\" decoding=\"async\" class=\"alignnone wp-image-342 size-full\" src=\"https:\/\/klein-eilstorf.de\/wp-content\/uploads\/2017\/04\/Sportbund.jpg\" alt=\"\" width=\"133\" height=\"100\"><\/a><\/p>\n<hr>\n<p>Deutscher Sch\u00fctzenbund<\/p>\n<p><a href=\"http:\/\/www.dsb.de\/start\/\"><img loading=\"lazy\" decoding=\"async\" class=\"alignnone wp-image-336\" src=\"https:\/\/klein-eilstorf.de\/wp-content\/uploads\/2017\/04\/DSB.jpg\" alt=\"\" width=\"132\" height=\"83\"><\/a><\/p>\n<hr>\n<p>Nieders\u00e4chsicher Sportsch\u00fctzenverband<\/p>\n<p><a href=\"http:\/\/nssv.de\/\"><img loading=\"lazy\" decoding=\"async\" class=\"alignnone wp-image-335\" src=\"https:\/\/klein-eilstorf.de\/wp-content\/uploads\/2017\/04\/NSSV.jpg\" alt=\"\" width=\"137\" height=\"112\"><\/a><a href=\"http:\/\/nssv.de\/jugend\/\"><img loading=\"lazy\" decoding=\"async\" class=\"alignright wp-image-341 size-full\" src=\"https:\/\/klein-eilstorf.de\/wp-content\/uploads\/2017\/04\/NSSV1.jpg\" alt=\"\" width=\"100\" height=\"99\"><\/a><\/p>\n<hr>\n<p>&nbsp;<\/p>\n<p>Landessportbund Niedersachsen<\/p>\n<p><a href=\"http:\/\/www.lsb-niedersachsen.de\/\"><img loading=\"lazy\" decoding=\"async\" class=\"alignleft wp-image-338\" src=\"https:\/\/klein-eilstorf.de\/wp-content\/uploads\/2017\/04\/Landessportbund1.jpg\" alt=\"\" width=\"126\" height=\"59\"><\/a><\/p>\n<p><a href=\"http:\/\/www.sportjugend-nds.de\/\"><img loading=\"lazy\" decoding=\"async\" class=\"alignright wp-image-337\" src=\"https:\/\/klein-eilstorf.de\/wp-content\/uploads\/2017\/04\/Landessportbund.jpg\" alt=\"\" width=\"139\" height=\"53\"><\/a><\/p>\n<p>&nbsp;<\/p>\n<p>&nbsp;<\/p>\n<hr>\n<p>Sportbund Heidekreis<\/p>\n<p><a href=\"http:\/\/www.ksb-sfa.de\/\"><img loading=\"lazy\" decoding=\"async\" class=\"alignnone wp-image-339\" src=\"https:\/\/klein-eilstorf.de\/wp-content\/uploads\/2017\/04\/SportbundHK.jpg\" alt=\"\" width=\"123\" height=\"80\"><\/a><\/p>\n\n\n\n\n<!-- Matomo -->\n<script type=\"text\/javascript\">\n  var _paq = _paq || [];\n  \/* tracker methods like \"setCustomDimension\" should be called before \"trackPageView\" *\/\n  _paq.push([\"setCookieDomain\", \"*.klein-eilstorf.de\"]);\n  _paq.push(['trackPageView']);\n  _paq.push(['enableLinkTracking']);\n  (function() {\n    var u=\"\/\/klein-eilstorf.de\/analytics\/piwik\/\";\n    _paq.push(['setTrackerUrl', u+'piwik.php']);\n    _paq.push(['setSiteId', '1']);\n    var d=document, g=d.createElement('script'), s=d.getElementsByTagName('script')[0];\n    g.type='text\/javascript'; g.async=true; g.defer=true; g.src=u+'piwik.js'; s.parentNode.insertBefore(g,s);\n  })();\n<\/script>\n<noscript><p><img decoding=\"async\" src=\"\/\/klein-eilstorf.de\/analytics\/piwik\/piwik.php?idsite=1&amp;rec=1\" style=\"border:0;\" alt=\"\" \/><\/p><\/noscript>\n<!-- End Matomo Code -->\n\n\n","protected":false},"excerpt":{"rendered":"<p>Kreissch\u00fctzenverband Fallingbostell Deutscher Sch\u00fctzenbund Nieders\u00e4chsicher Sportsch\u00fctzenverband &nbsp; Landessportbund Niedersachsen &nbsp; &nbsp; Sportbund Heidekreis<\/p>\n","protected":false},"author":1,"featured_media":0,"parent":89,"menu_order":7,"comment_status":"closed","ping_status":"closed","template":"","meta":{"footnotes":""},"class_list":["post-334","page","type-page","status-publish","hentry"],"_links":{"self":[{"href":"https:\/\/klein-eilstorf.de\/index.php\/wp-json\/wp\/v2\/pages\/334","targetHints":{"allow":["GET"]}}],"collection":[{"href":"https:\/\/klein-eilstorf.de\/index.php\/wp-json\/wp\/v2\/pages"}],"about":[{"href":"https:\/\/klein-eilstorf.de\/index.php\/wp-json\/wp\/v2\/types\/page"}],"author":[{"embeddable":true,"href":"https:\/\/klein-eilstorf.de\/index.php\/wp-json\/wp\/v2\/users\/1"}],"replies":[{"embeddable":true,"href":"https:\/\/klein-eilstorf.de\/index.php\/wp-json\/wp\/v2\/comments?post=334"}],"version-history":[{"count":5,"href":"https:\/\/klein-eilstorf.de\/index.php\/wp-json\/wp\/v2\/pages\/334\/revisions"}],"predecessor-version":[{"id":529,"href":"https:\/\/klein-eilstorf.de\/index.php\/wp-json\/wp\/v2\/pages\/334\/revisions\/529"}],"up":[{"embeddable":true,"href":"https:\/\/klein-eilstorf.de\/index.php\/wp-json\/wp\/v2\/pages\/89"}],"wp:attachment":[{"href":"https:\/\/klein-eilstorf.de\/index.php\/wp-json\/wp\/v2\/media?parent=334"}],"curies":[{"name":"wp","href":"https:\/\/api.w.org\/{rel}","templated":true}]}}