{"id":753,"date":"2024-04-15T22:26:15","date_gmt":"2024-04-15T20:26:15","guid":{"rendered":"https:\/\/klein-eilstorf.de\/?page_id=753"},"modified":"2024-04-15T22:29:49","modified_gmt":"2024-04-15T20:29:49","slug":"50-jaehriges-bestehen","status":"publish","type":"page","link":"https:\/\/klein-eilstorf.de\/index.php\/feuerwehr\/50-jaehriges-bestehen\/","title":{"rendered":"50-j\u00e4hriges Bestehen (2015)"},"content":{"rendered":"\n<p>&#8222;Erinnerst du dich noch?&#8220; und &#8222;Fr\u00fcher war alles besser&#8220; &#8211; oft sind das die einleitenden S\u00e4tze f\u00fcr Geschichten aus vergangenen Zeiten. Doch die Vorstellung, dass fr\u00fcher alles besser war, trifft nur bedingt auf die Klein Eilstorfer Feuerwehr vor 1965 zu. Damals mussten die Einwohner noch auf eine Handruckspritze aus dem Jahr 1910 zur\u00fcckgreifen, die bei \u00dcbungen oder Eins\u00e4tzen von zum Dienst verpflichteten Bewohnern bedient werden musste. Erst mit der Gr\u00fcndung der Freiwilligen Feuerwehr am 20. Februar 1965 durch zehn engagierte Klein Eilstorfer \u00e4nderte sich einiges &#8211; und vieles zum Besseren.<\/p>\n\n\n\n<figure class=\"wp-block-image size-large\"><img loading=\"lazy\" decoding=\"async\" width=\"700\" height=\"475\" src=\"https:\/\/klein-eilstorf.de\/wp-content\/uploads\/2024\/04\/grafik-700x475.png\" alt=\"\" class=\"wp-image-754\" srcset=\"https:\/\/klein-eilstorf.de\/wp-content\/uploads\/2024\/04\/grafik-700x475.png 700w, https:\/\/klein-eilstorf.de\/wp-content\/uploads\/2024\/04\/grafik-300x204.png 300w, https:\/\/klein-eilstorf.de\/wp-content\/uploads\/2024\/04\/grafik-768x521.png 768w, https:\/\/klein-eilstorf.de\/wp-content\/uploads\/2024\/04\/grafik-800x543.png 800w, https:\/\/klein-eilstorf.de\/wp-content\/uploads\/2024\/04\/grafik.png 980w\" sizes=\"auto, (max-width: 700px) 100vw, 700px\" \/><figcaption class=\"wp-element-caption\"><em>Ein Andenken: Abschnittsleiter Richard Meyer (links) \u00fcberreichte an Nils Bunke ein neu gefertigtes Erinnerungsst\u00fcck des Kreisfeuerwehrverbandes Heidekreis.<\/em>(2015)<\/figcaption><\/figure>\n\n\n\n<p>Ein halbes Jahrhundert sp\u00e4ter begr\u00fc\u00dfte Ortsbrandmeister Nils Bunke, der die kleinste Wehr der Stadt Walsrode anf\u00fchrt, f\u00fcnf Kameraden, die einst die Wehr gr\u00fcndeten und entwickelten. Darunter war auch Friedhelm Niemann, der als erster Ortsbrandmeister zusammen mit seinem Stellvertreter Helmut Stelter die Klein Eilstorfer Brandsch\u00fctzer \u00fcber viele Jahre leitete. Alle vier sind noch aktiv in der Altersabteilung. Heinrich Marquardt, das \u00e4lteste Mitglied, unterhielt die G\u00e4ste mit Anekdoten aus den Anf\u00e4ngen der Klein Eilstorfer Feuerwehr, darunter die ungew\u00f6hnliche Nutzung des Feuerwehrhauses als Gef\u00e4ngnis.<\/p>\n\n\n\n<p>Der Gemeindebrandmeister fungierte gleichzeitig als Gef\u00e4ngnisdirektor, und nicht nur Kriminelle, sondern auch sogenannte &#8222;Wilderer&#8220; landeten dort. Letztere waren junge M\u00e4nner, die sich ungeb\u00fchrlich einem M\u00e4dchen n\u00e4herten. Sie verbrachten meist eine Nacht im Gef\u00e4ngnis und wurden gegen Zahlung eines &#8222;Jagdgeldes&#8220; freigelassen.<\/p>\n\n\n\n<p>Ortsvorsteher Hans-Georg R\u00f6ttjer verwies stolz darauf, dass jeder vierte Dorfbewohner Mitglied der kleinsten Ortsfeuerwehr der Stadt Walsrode ist, obwohl Klein Eilstorf noch immer eine reine M\u00e4nnerdom\u00e4ne ist, wie der stellvertretende B\u00fcrgermeister Dieter Heidmann feststellte. &#8222;Das sollte \u00fcberdacht werden&#8220;, so seine Meinung. Stadtbrandmeister Volker Langrehr erweiterte den Ausspruch &#8222;Gott zur Ehr, dem n\u00e4chsten zur Wehr&#8220; um die Aufforderung &#8222;geh auch du zur Freiwilligen Feuerwehr&#8220;. Abschnittsleiter Richard Meyer betonte ebenfalls die Wichtigkeit jeder Ortsfeuerwehr, egal wie klein sie sein mag. &#8222;Jung und Alt k\u00f6nnen eine Symbiose bilden, auch der 60-J\u00e4hrige kann von einem 25-J\u00e4hrigen lernen und umgekehrt&#8220;. (<a href=\"https:\/\/www.feuerwehr-heidekreis.de\/\" data-type=\"link\" data-id=\"https:\/\/www.feuerwehr-heidekreis.de\/\">Quelle Feuerwehr Heidekreis<\/a>)<\/p>\n","protected":false},"excerpt":{"rendered":"<p>&#8222;Erinnerst du dich noch?&#8220; und &#8222;Fr\u00fcher war alles besser&#8220; &#8211; oft sind das die einleitenden S\u00e4tze f\u00fcr Geschichten aus vergangenen Zeiten. Doch die Vorstellung, dass fr\u00fcher alles besser war, trifft&#8230;<\/p>\n","protected":false},"author":1,"featured_media":0,"parent":17,"menu_order":0,"comment_status":"closed","ping_status":"closed","template":"","meta":{"footnotes":""},"class_list":["post-753","page","type-page","status-publish","hentry"],"_links":{"self":[{"href":"https:\/\/klein-eilstorf.de\/index.php\/wp-json\/wp\/v2\/pages\/753","targetHints":{"allow":["GET"]}}],"collection":[{"href":"https:\/\/klein-eilstorf.de\/index.php\/wp-json\/wp\/v2\/pages"}],"about":[{"href":"https:\/\/klein-eilstorf.de\/index.php\/wp-json\/wp\/v2\/types\/page"}],"author":[{"embeddable":true,"href":"https:\/\/klein-eilstorf.de\/index.php\/wp-json\/wp\/v2\/users\/1"}],"replies":[{"embeddable":true,"href":"https:\/\/klein-eilstorf.de\/index.php\/wp-json\/wp\/v2\/comments?post=753"}],"version-history":[{"count":3,"href":"https:\/\/klein-eilstorf.de\/index.php\/wp-json\/wp\/v2\/pages\/753\/revisions"}],"predecessor-version":[{"id":758,"href":"https:\/\/klein-eilstorf.de\/index.php\/wp-json\/wp\/v2\/pages\/753\/revisions\/758"}],"up":[{"embeddable":true,"href":"https:\/\/klein-eilstorf.de\/index.php\/wp-json\/wp\/v2\/pages\/17"}],"wp:attachment":[{"href":"https:\/\/klein-eilstorf.de\/index.php\/wp-json\/wp\/v2\/media?parent=753"}],"curies":[{"name":"wp","href":"https:\/\/api.w.org\/{rel}","templated":true}]}}