{"id":80,"date":"2017-01-12T14:25:07","date_gmt":"2017-01-12T13:25:07","guid":{"rendered":"http:\/\/klein-eilstorf.de\/?page_id=80"},"modified":"2024-04-19T17:22:03","modified_gmt":"2024-04-19T15:22:03","slug":"ortskommando","status":"publish","type":"page","link":"https:\/\/klein-eilstorf.de\/index.php\/feuerwehr\/ortskommando\/","title":{"rendered":"Stadtfeuerwehrtag 2018"},"content":{"rendered":"<div class=\"flex flex-grow flex-col max-w-full\">\n<div class=\"min-h-[20px] text-message flex flex-col items-start gap-3 whitespace-pre-wrap break-words [.text-message+&amp;]:mt-5 overflow-x-auto\" dir=\"auto\" data-message-author-role=\"assistant\" data-message-id=\"bcf0afea-ac32-49cb-a03c-afd7b9be3147\">\n<div class=\"markdown prose w-full break-words dark:prose-invert dark\">\n<p>Am 09. Juni fand unter optimalen Wetterbedingungen, trocken und angenehm mild, der diesj\u00e4hrige Stadtfeuerwehrtag der Freiwilligen Feuerwehren der Stadtfeuerwehr Walsrode in Klein Eilstorf statt. Insgesamt nahmen 27 Gruppen teil, darunter auch einige Damenmannschaften sowie mehrere Gruppen von verschiedenen Ortsfeuerwehren.<\/p>\n<p><img decoding=\"async\" src=\"https:\/\/www.feuerwehr-heidekreis.de\/images\/aktuelles\/einsaetze-uebungen\/2018\/stadtfeuerwehrtag-in-klein-eilstorf\/Fahren.JPG\" \/><\/p>\n<p>F\u00fcr die meisten Teilnehmer war es eine Premiere, da sie erstmals nach den neuen Bestimmungen arbeiteten. Dabei mussten verschiedene Module erf\u00fcllt werden, darunter das Kuppeln von vier Saugl\u00e4ngen unter Zeitdruck, das L\u00f6schen eines simulierten M\u00fclltonnenbrandes mit dem Austausch eines Schlauchs nach einem angenommenen Schlauchplatzer sowie eine Geschicklichkeitsfahrt mit dem Einsatzfahrzeug. Nat\u00fcrlich wurden dabei die Vorgaben der Feuerwehrdienstvorschrift 3 und die<\/p>\n<p><img decoding=\"async\" src=\"https:\/\/www.feuerwehr-heidekreis.de\/images\/aktuelles\/einsaetze-uebungen\/2018\/stadtfeuerwehrtag-in-klein-eilstorf\/Kuppeln.JPG\" \/>Unfallverh\u00fctungsvorschriften beachtet, allerdings konnte aufgrund der angenehmen Temperaturen auf das Tragen der Einsatzjacke verzichtet werden. Zahlreiche interessierte Feuerwehrleute sowie weitere Besucher nutzten die Gelegenheit, die neuen Regeln live zu verfolgen oder einfach das sch\u00f6ne Wetter bei einem Ausflug, Mittagessen oder Kaffeetrinken zu genie\u00dfen. Besonders erfreut \u00fcber den gelungenen Tag zeigte sich der Ortsbrandmeister Nils Bunke gemeinsam mit den Mitgliedern der Ortsfeuerwehr Klein Eilstorf.<\/p>\n<p><img decoding=\"async\" src=\"https:\/\/www.feuerwehr-heidekreis.de\/images\/aktuelles\/einsaetze-uebungen\/2018\/stadtfeuerwehrtag-in-klein-eilstorf\/L%C3%B6schangriff.JPG\" \/><\/p>\n<p>Bei der abschlie\u00dfenden Siegerehrung, zu der auch der Abschnittsleiter Richard Meyer sowie die B\u00fcrgermeisterin Helma Sp\u00f6ring erschienen waren, wurden die folgenden Ergebnisse verk\u00fcndet (siehe beigef\u00fcgte Gesamtliste):<\/p>\n<ol>\n<li>Platz: Honerdingen I (Damen)<\/li>\n<li>Platz: Honerdingen III<\/li>\n<li>Platz: Nordkampen II<\/li>\n<\/ol>\n<p><img decoding=\"async\" src=\"https:\/\/www.feuerwehr-heidekreis.de\/images\/aktuelles\/einsaetze-uebungen\/2018\/stadtfeuerwehrtag-in-klein-eilstorf\/P1060042.JPG\" \/><\/p>\n<p>(Foto: Siegergruppe 1-3 mit Stadtbrandmeister Langrehr, stellvertretendem Stadtbrandmeister Schl\u00fcter, B\u00fcrgermeisterin Sp\u00f6ring und Abschnittsleiter Meyer &#8211; Quelle: <a href=\"https:\/\/www.feuerwehr-heidekreis.de\/\">Feuerwehr<\/a>)<\/p>\n<p>\u00a0<\/p>\n<\/div>\n<\/div>\n<\/div>\n\n\n<!-- Matomo -->\n<script type=\"text\/javascript\">\n  var _paq = _paq || [];\n  \/* tracker methods like \"setCustomDimension\" should be called before \"trackPageView\" *\/\n  _paq.push([\"setCookieDomain\", \"*.klein-eilstorf.de\"]);\n  _paq.push(['trackPageView']);\n  _paq.push(['enableLinkTracking']);\n  (function() {\n    var u=\"\/\/klein-eilstorf.de\/analytics\/piwik\/\";\n    _paq.push(['setTrackerUrl', u+'piwik.php']);\n    _paq.push(['setSiteId', '1']);\n    var d=document, g=d.createElement('script'), s=d.getElementsByTagName('script')[0];\n    g.type='text\/javascript'; g.async=true; g.defer=true; g.src=u+'piwik.js'; s.parentNode.insertBefore(g,s);\n  })();\n<\/script>\n<noscript><p><img decoding=\"async\" src=\"\/\/klein-eilstorf.de\/analytics\/piwik\/piwik.php?idsite=1&amp;rec=1\" style=\"border:0;\" alt=\"\" \/><\/p><\/noscript>\n<!-- End Matomo Code -->\n","protected":false},"excerpt":{"rendered":"<p>Am 09. Juni fand unter optimalen Wetterbedingungen, trocken und angenehm mild, der diesj\u00e4hrige Stadtfeuerwehrtag der Freiwilligen Feuerwehren der Stadtfeuerwehr Walsrode in Klein Eilstorf statt. Insgesamt nahmen 27 Gruppen teil, darunter&#8230;<\/p>\n","protected":false},"author":1,"featured_media":0,"parent":17,"menu_order":0,"comment_status":"closed","ping_status":"closed","template":"","meta":{"footnotes":""},"class_list":["post-80","page","type-page","status-publish","hentry"],"_links":{"self":[{"href":"https:\/\/klein-eilstorf.de\/index.php\/wp-json\/wp\/v2\/pages\/80","targetHints":{"allow":["GET"]}}],"collection":[{"href":"https:\/\/klein-eilstorf.de\/index.php\/wp-json\/wp\/v2\/pages"}],"about":[{"href":"https:\/\/klein-eilstorf.de\/index.php\/wp-json\/wp\/v2\/types\/page"}],"author":[{"embeddable":true,"href":"https:\/\/klein-eilstorf.de\/index.php\/wp-json\/wp\/v2\/users\/1"}],"replies":[{"embeddable":true,"href":"https:\/\/klein-eilstorf.de\/index.php\/wp-json\/wp\/v2\/comments?post=80"}],"version-history":[{"count":4,"href":"https:\/\/klein-eilstorf.de\/index.php\/wp-json\/wp\/v2\/pages\/80\/revisions"}],"predecessor-version":[{"id":855,"href":"https:\/\/klein-eilstorf.de\/index.php\/wp-json\/wp\/v2\/pages\/80\/revisions\/855"}],"up":[{"embeddable":true,"href":"https:\/\/klein-eilstorf.de\/index.php\/wp-json\/wp\/v2\/pages\/17"}],"wp:attachment":[{"href":"https:\/\/klein-eilstorf.de\/index.php\/wp-json\/wp\/v2\/media?parent=80"}],"curies":[{"name":"wp","href":"https:\/\/api.w.org\/{rel}","templated":true}]}}